{"id":15,"date":"2020-05-16T14:12:59","date_gmt":"2020-05-16T14:12:59","guid":{"rendered":"https:\/\/anita-reulings.nl\/?page_id=15"},"modified":"2020-05-26T17:06:26","modified_gmt":"2020-05-26T17:06:26","slug":"opleidingen","status":"publish","type":"page","link":"https:\/\/anita-reulings.nl\/de\/opleidingen\/","title":{"rendered":"Bildung"},"content":{"rendered":"<h1 class=\"has-text-align-center\"><br><strong>Bildung<\/strong><\/h1>\n\n\n\n<div class=\"wp-block-columns\">\n<div class=\"wp-block-column\">\n<p><\/p>\n\n\n\n<div class=\"wp-block-image\"><figure class=\"aligncenter size-large\"><img loading=\"lazy\" width=\"221\" height=\"128\" src=\"https:\/\/anita-reulings.nl\/wp-content\/uploads\/2020\/05\/groenhorst.jpg\" alt=\"\" class=\"wp-image-41\"\/><\/figure><\/div>\n<\/div>\n\n\n\n<div class=\"wp-block-column\">\n<p><\/p>\n\n\n\n<div class=\"wp-block-image\"><figure class=\"aligncenter size-large\"><img loading=\"lazy\" width=\"241\" height=\"145\" src=\"https:\/\/anita-reulings.nl\/wp-content\/uploads\/2020\/05\/kennis.jpg\" alt=\"\" class=\"wp-image-43\"\/><\/figure><\/div>\n<\/div>\n<\/div>\n\n\n\n<h4 class=\"has-text-align-center\"><strong>Hundetrimmsalon Anita Reulings Kerkrade<br>ANERKANNTER AUSBILDUNGSBETRIEB<\/strong><br><strong>Theorie Ausbildung Hundentoilette<\/strong><\/h4>\n\n\n\n<p class=\"has-text-align-center\">Deze opleiding is bedoeld voor iedereen die zich beroepsmatig wil gaan bezighouden met het trimmen (toiletteren) van honden. Een goede trimmer\/trimster kan&nbsp; niet zonder een elementaire vakopleiding. Immers trimmen is een ambacht welke vereist, dat je weet wat je doet.<\/p>\n\n\n\n<p class=\"has-text-align-center\">De theoretische opleiding bij een van de bovenstaande instituten bestaat uit de volgende onderwerpen: technieken; instrumenten; Trimschema&#8217;s;&nbsp;hygi\u00ebne; verzorging; nagels; gebit; houding; kattentrimmen; kynologie; vachttypen; herkomst en verwantschap; gedrag van de hond; domesticatie; ethiek; gezondheid; besmettelijke ziekten; afwijkingen; anatomie; fysiologie; cytologie; voortplanting en erfelijkheid; voeding; huid- &amp; vacht; parasieten; EHBO; bedrijfsvoering; organisaties; wetten; klantenvoorlichting en de inrichting van de eigen salon.<br><\/p>\n\n\n\n<h4 class=\"has-text-align-center\"><strong>Praktikum Ausbildung Hundetoilette<\/strong><\/h4>\n\n\n\n<p class=\"has-text-align-center\">Der praktische Teil dieses Ausbildung ist direkt mit dem theoretischen Teil verbunden. In unserem Pflegesalon lernen Sie in der Praxis folgende Pflegetechniken: Schneiden, Zupfen, Rasieren und Ausd\u00fcnnen.<\/p>\n\n\n\n<p class=\"has-text-align-center\">Sie werden f\u00fcr mindestens 1 Jahr auf die praktische Pr\u00fcfung vorbereitet.<\/p>\n\n\n\n<p class=\"has-text-align-center\">Wenn die Ausbildung mehrere Tage in der Woche absolviert wird, kann es daher m\u00f6glich sein, sich nach 1 Jahr f\u00fcr die Pr\u00fcfung zu bewerben.<\/p>\n\n\n\n<p class=\"has-text-align-center\">DieAusbildung endet mit einer praktischen Pr\u00fcfung, bei der Sie anhand der drei Schneid-, Zupf- und Ausd\u00fcnnungstechniken beurteilt werden<\/p>\n\n\n\n<p class=\"has-text-align-center\">Wenn Sie die drei Teile sowie die theoretische Pr\u00fcfung erfolgreich abgeschlossen haben, erhalten Sie ein Diplom, mit dem Sie Ihren Kunden nachweisen k\u00f6nnen, dass Sie ein erfahrener Groomer \/ Groomer sind. Die meisten Studenten absolvieren die praktische Ausbildung gleichzeitig mit der theoretischen Ausbildung, dies ist jedoch nicht obligatorisch. Ihr Pr\u00fcfungsergebnis f\u00fcr Theorie oder Praxis bleibt 5 Jahre g\u00fcltig.<\/p>\n\n\n\n<p class=\"has-text-align-center\"><br>Email:&nbsp;&nbsp;<a href=\"mailto:info@anita-reulings.nl\" target=\"_blank\" rel=\"noreferrer noopener\">info@anita-reulings.nl<\/a><\/p>","protected":false},"excerpt":{"rendered":"<p>Opleidingen Hondentrimsalon Anita Reulings Kerkradeerkend opleidingsbedrijfTheorie Opleiding Hondentoiletteren Deze opleiding is bedoeld voor iedereen die zich beroepsmatig wil gaan bezighouden met het trimmen (toiletteren) van honden. Een goede trimmer\/trimster kan&nbsp; niet zonder een elementaire vakopleiding. Immers trimmen is een ambacht welke vereist, dat je weet wat je doet. De theoretische opleiding bij een van de [&hellip;]<\/p>","protected":false},"author":1,"featured_media":0,"parent":0,"menu_order":0,"comment_status":"closed","ping_status":"closed","template":"","meta":[],"yoast_head":"<!-- This site is optimized with the Yoast SEO plugin v15.1.1 - https:\/\/yoast.com\/wordpress\/plugins\/seo\/ -->\n<title>Opleidingen - Bildung - Hondentrimsalon Anita Reulings<\/title>\n<meta name=\"robots\" content=\"index, follow, max-snippet:-1, max-image-preview:large, max-video-preview:-1\" \/>\n<link rel=\"canonical\" href=\"https:\/\/anita-reulings.nl\/de\/opleidingen\/\" \/>\n<meta property=\"og:locale\" content=\"de_DE\" \/>\n<meta property=\"og:type\" content=\"article\" \/>\n<meta property=\"og:title\" content=\"Opleidingen - Bildung - Hondentrimsalon Anita Reulings\" \/>\n<meta property=\"og:description\" content=\"Opleidingen Hondentrimsalon Anita Reulings Kerkradeerkend opleidingsbedrijfTheorie Opleiding Hondentoiletteren Deze opleiding is bedoeld voor iedereen die zich beroepsmatig wil gaan bezighouden met het trimmen (toiletteren) van honden. Een goede trimmer\/trimster kan&nbsp; niet zonder een elementaire vakopleiding. Immers trimmen is een ambacht welke vereist, dat je weet wat je doet. De theoretische opleiding bij een van de [&hellip;]\" \/>\n<meta property=\"og:url\" content=\"https:\/\/anita-reulings.nl\/de\/opleidingen\/\" \/>\n<meta property=\"og:site_name\" content=\"Hondentrimsalon Anita Reulings\" \/>\n<meta property=\"article:modified_time\" content=\"2020-05-26T17:06:26+00:00\" \/>\n<meta property=\"og:image\" content=\"https:\/\/anita-reulings.nl\/wp-content\/uploads\/2020\/05\/groenhorst.jpg\" \/>\n<meta name=\"twitter:card\" content=\"summary_large_image\" \/>\n<script type=\"application\/ld+json\" class=\"yoast-schema-graph\">{\"@context\":\"https:\/\/schema.org\",\"@graph\":[{\"@type\":\"WebSite\",\"@id\":\"https:\/\/anita-reulings.nl\/de\/#website\",\"url\":\"https:\/\/anita-reulings.nl\/de\/\",\"name\":\"Hondentrimsalon Anita Reulings\",\"description\":\"\",\"potentialAction\":[{\"@type\":\"SearchAction\",\"target\":\"https:\/\/anita-reulings.nl\/de\/?s={search_term_string}\",\"query-input\":\"required name=search_term_string\"}],\"inLanguage\":\"de\"},{\"@type\":\"ImageObject\",\"@id\":\"https:\/\/anita-reulings.nl\/opleidingen\/#primaryimage\",\"inLanguage\":\"de\",\"url\":\"https:\/\/anita-reulings.nl\/wp-content\/uploads\/2020\/05\/groenhorst.jpg\",\"width\":221,\"height\":128},{\"@type\":\"WebPage\",\"@id\":\"https:\/\/anita-reulings.nl\/opleidingen\/#webpage\",\"url\":\"https:\/\/anita-reulings.nl\/opleidingen\/\",\"name\":\"Opleidingen - Bildung - Hondentrimsalon Anita Reulings\",\"isPartOf\":{\"@id\":\"https:\/\/anita-reulings.nl\/de\/#website\"},\"primaryImageOfPage\":{\"@id\":\"https:\/\/anita-reulings.nl\/opleidingen\/#primaryimage\"},\"datePublished\":\"2020-05-16T14:12:59+00:00\",\"dateModified\":\"2020-05-26T17:06:26+00:00\",\"inLanguage\":\"de\",\"potentialAction\":[{\"@type\":\"ReadAction\",\"target\":[\"https:\/\/anita-reulings.nl\/opleidingen\/\"]}]}]}<\/script>\n<!-- \/ Yoast SEO plugin. -->","_links":{"self":[{"href":"https:\/\/anita-reulings.nl\/de\/wp-json\/wp\/v2\/pages\/15"}],"collection":[{"href":"https:\/\/anita-reulings.nl\/de\/wp-json\/wp\/v2\/pages"}],"about":[{"href":"https:\/\/anita-reulings.nl\/de\/wp-json\/wp\/v2\/types\/page"}],"author":[{"embeddable":true,"href":"https:\/\/anita-reulings.nl\/de\/wp-json\/wp\/v2\/users\/1"}],"replies":[{"embeddable":true,"href":"https:\/\/anita-reulings.nl\/de\/wp-json\/wp\/v2\/comments?post=15"}],"version-history":[{"count":9,"href":"https:\/\/anita-reulings.nl\/de\/wp-json\/wp\/v2\/pages\/15\/revisions"}],"predecessor-version":[{"id":231,"href":"https:\/\/anita-reulings.nl\/de\/wp-json\/wp\/v2\/pages\/15\/revisions\/231"}],"wp:attachment":[{"href":"https:\/\/anita-reulings.nl\/de\/wp-json\/wp\/v2\/media?parent=15"}],"curies":[{"name":"wp","href":"https:\/\/api.w.org\/{rel}","templated":true}]}}