{"id":13,"date":"2020-05-16T14:12:58","date_gmt":"2020-05-16T14:12:58","guid":{"rendered":"https:\/\/anita-reulings.nl\/?page_id=13"},"modified":"2020-05-26T17:07:01","modified_gmt":"2020-05-26T17:07:01","slug":"onze-trimsalon","status":"publish","type":"page","link":"https:\/\/anita-reulings.nl\/de\/onze-trimsalon\/","title":{"rendered":"Unser Trimmsalon"},"content":{"rendered":"<h1 class=\"has-text-align-center\"><br><strong>Unser Trimmsalon<\/strong><\/h1>\n\n\n\n<p class=\"has-text-align-center\">Uw hond wordt&nbsp; individueel behandeld zodat deze in een rustige sfeer de aandacht&nbsp;en verzorging krijgt die hij \/ zij nodig heeft.&nbsp;De oren, tanden, nagels en anaalklieren worden bij elke behandeling gecontroleerd en&nbsp;verzorgd indien dit nodig is.&nbsp;De vachtverzorging verschilt echter per ras en kan worden onderverdeeld in verschillende behandelingen zoals knippen,scheren effileren, plukken, ontwollen, wassen en f\u00f6hnen.&nbsp;De&nbsp;hygi\u00ebne&nbsp;in de hondentrimsalon speelt een grote rol. Er wordt iedere dag volgens schema alles gedesinfecteerd,wij werken met gesteriliseerde materialen en apparatuur,zodat de verspreiding van ziekten, (Bacteri\u00ebn, parasieten, vlooien, en mijten) nagenoeg uitgesloten wordt.<\/p>\n\n\n\n<p class=\"has-text-align-center\">Die Produkte, die ich zur Behandlung Ihres Hundes verwende, nehme ich auch f\u00fcr meine Hunde, d.h. ich habe sie speziell auf ihre Anwendbarkeit und Vertr\u00e4glichkeit ausprobiert und meine Erfahrungen damit gemacht.<\/p>\n\n\n\n<p class=\"has-text-align-center\"><strong>Nat\u00fcrlich merken Sie jetzt , da\u00df wir abweichen von einem durchschnittlichen Trimmsalon.<\/strong><\/p>\n\n\n\n<p class=\"has-text-align-center\">Auch stehe ich meinen Kunden \u00fcber die Betreuung hinaus, nat\u00fcrlich mit Rat und Tat zur Seite. Rufen Sie mich also einfach an zu einer Terminvereinbarung oder auch nur zum Kennenlernen meines Trimmsalon.\nBis dahin viel Freude mit Ihrem vierbeinigen Freund.<br>Mit freundlichen Gr\u00fc\u00dfen,&nbsp;&nbsp;<strong>Anita Reulings&nbsp;<br><br>Die allgemeinen Gesch\u00e4ftsbedingungen f\u00fcr die Hundetoilettenfirma gelten auch f\u00fcr uns&nbsp;<br><br><\/strong>1 Km von Kohlscheid \/ Herzogenrath<br>2 Km von Aachen Stadt<br>22 Km von Maastricht Stadt<br>8 Km von Belgien<br>Unser Hundetrimmsalon liegt in das Hertz der Euregio<br>Deutschland Holland Belgien<\/p>","protected":false},"excerpt":{"rendered":"<p>Onze trimsalon Uw hond wordt&nbsp; individueel behandeld zodat deze in een rustige sfeer de aandacht&nbsp;en verzorging krijgt die hij \/ zij nodig heeft.&nbsp;De oren, tanden, nagels en anaalklieren worden bij elke behandeling gecontroleerd en&nbsp;verzorgd indien dit nodig is.&nbsp;De vachtverzorging verschilt echter per ras en kan worden onderverdeeld in verschillende behandelingen zoals knippen,scheren effileren, plukken, ontwollen, [&hellip;]<\/p>","protected":false},"author":1,"featured_media":0,"parent":0,"menu_order":0,"comment_status":"closed","ping_status":"closed","template":"","meta":[],"yoast_head":"<!-- This site is optimized with the Yoast SEO plugin v15.1.1 - https:\/\/yoast.com\/wordpress\/plugins\/seo\/ -->\n<title>Onze trimsalon - Unser Trimmsalon - Hondentrimsalon Anita Reulings<\/title>\n<meta name=\"robots\" content=\"index, follow, max-snippet:-1, max-image-preview:large, max-video-preview:-1\" \/>\n<link rel=\"canonical\" href=\"https:\/\/anita-reulings.nl\/de\/onze-trimsalon\/\" \/>\n<meta property=\"og:locale\" content=\"de_DE\" \/>\n<meta property=\"og:type\" content=\"article\" \/>\n<meta property=\"og:title\" content=\"Onze trimsalon - Unser Trimmsalon - Hondentrimsalon Anita Reulings\" \/>\n<meta property=\"og:description\" content=\"Onze trimsalon Uw hond wordt&nbsp; individueel behandeld zodat deze in een rustige sfeer de aandacht&nbsp;en verzorging krijgt die hij \/ zij nodig heeft.&nbsp;De oren, tanden, nagels en anaalklieren worden bij elke behandeling gecontroleerd en&nbsp;verzorgd indien dit nodig is.&nbsp;De vachtverzorging verschilt echter per ras en kan worden onderverdeeld in verschillende behandelingen zoals knippen,scheren effileren, plukken, ontwollen, [&hellip;]\" \/>\n<meta property=\"og:url\" content=\"https:\/\/anita-reulings.nl\/de\/onze-trimsalon\/\" \/>\n<meta property=\"og:site_name\" content=\"Hondentrimsalon Anita Reulings\" \/>\n<meta property=\"article:modified_time\" content=\"2020-05-26T17:07:01+00:00\" \/>\n<meta name=\"twitter:card\" content=\"summary_large_image\" \/>\n<script type=\"application\/ld+json\" class=\"yoast-schema-graph\">{\"@context\":\"https:\/\/schema.org\",\"@graph\":[{\"@type\":\"WebSite\",\"@id\":\"https:\/\/anita-reulings.nl\/de\/#website\",\"url\":\"https:\/\/anita-reulings.nl\/de\/\",\"name\":\"Hondentrimsalon Anita Reulings\",\"description\":\"\",\"potentialAction\":[{\"@type\":\"SearchAction\",\"target\":\"https:\/\/anita-reulings.nl\/de\/?s={search_term_string}\",\"query-input\":\"required name=search_term_string\"}],\"inLanguage\":\"de\"},{\"@type\":\"WebPage\",\"@id\":\"https:\/\/anita-reulings.nl\/onze-trimsalon\/#webpage\",\"url\":\"https:\/\/anita-reulings.nl\/onze-trimsalon\/\",\"name\":\"Onze trimsalon - Unser Trimmsalon - Hondentrimsalon Anita Reulings\",\"isPartOf\":{\"@id\":\"https:\/\/anita-reulings.nl\/de\/#website\"},\"datePublished\":\"2020-05-16T14:12:58+00:00\",\"dateModified\":\"2020-05-26T17:07:01+00:00\",\"inLanguage\":\"de\",\"potentialAction\":[{\"@type\":\"ReadAction\",\"target\":[\"https:\/\/anita-reulings.nl\/onze-trimsalon\/\"]}]}]}<\/script>\n<!-- \/ Yoast SEO plugin. -->","_links":{"self":[{"href":"https:\/\/anita-reulings.nl\/de\/wp-json\/wp\/v2\/pages\/13"}],"collection":[{"href":"https:\/\/anita-reulings.nl\/de\/wp-json\/wp\/v2\/pages"}],"about":[{"href":"https:\/\/anita-reulings.nl\/de\/wp-json\/wp\/v2\/types\/page"}],"author":[{"embeddable":true,"href":"https:\/\/anita-reulings.nl\/de\/wp-json\/wp\/v2\/users\/1"}],"replies":[{"embeddable":true,"href":"https:\/\/anita-reulings.nl\/de\/wp-json\/wp\/v2\/comments?post=13"}],"version-history":[{"count":7,"href":"https:\/\/anita-reulings.nl\/de\/wp-json\/wp\/v2\/pages\/13\/revisions"}],"predecessor-version":[{"id":230,"href":"https:\/\/anita-reulings.nl\/de\/wp-json\/wp\/v2\/pages\/13\/revisions\/230"}],"wp:attachment":[{"href":"https:\/\/anita-reulings.nl\/de\/wp-json\/wp\/v2\/media?parent=13"}],"curies":[{"name":"wp","href":"https:\/\/api.w.org\/{rel}","templated":true}]}}